{"id":604,"date":"2020-09-01T23:59:46","date_gmt":"2020-09-01T20:59:46","guid":{"rendered":"https:\/\/svetsolar.pt\/?page_id=604"},"modified":"2020-12-27T18:46:25","modified_gmt":"2020-12-27T15:46:25","slug":"docs","status":"publish","type":"page","link":"https:\/\/svetsolar.pt\/en\/docs\/","title":{"rendered":"Docs"},"content":{"rendered":"<h2>documenta\u00e7\u00e3o<\/h2>\n<h2>CERTIFICA\u00c7\u00d5ES E ESPECIFICA\u00c7\u00d5ES T\u00c9CNICAS\u200b<\/h2>\n<p>\t\t\t<a href=\"#contact\" role=\"button\"><br \/>\n\t\t\t\t\t\tCONTACTE NOS<br \/>\n\t\t\t\t\t<\/a><\/p>\n<h2>Certificados<\/h2>\n<h5><a href=\"https:\/\/svetsolar.pt\/wp-content\/uploads\/2020\/12\/EN_Datasheet_JAM60S10_MR.pdf\">EN_Datasheet_JAM60S10_MR Ja Solar\u00a0<\/a><\/h5>\n<h5><a href=\"https:\/\/svetsolar.pt\/wp-content\/uploads\/2020\/12\/EN_Datasheet_JAM60S20-MR.pdf\">EN_Datasheet_JAM60S20-MR Ja Solar<\/a><\/h5>\n<h5><a href=\"https:\/\/svetsolar.pt\/wp-content\/uploads\/2020\/12\/EN_Datasheet_Alpha.pdf\">EN_Datasheet_Alpha REC<\/a><\/h5>\n<h5><a href=\"https:\/\/svetsolar.pt\/wp-content\/uploads\/2020\/12\/EN_Datasheet_Neon2_N1C-V5.pdf\">EN_Datasheet_Neon2_N1C-V5 LG<\/a><\/h5>\n<h5><a href=\"https:\/\/svetsolar.pt\/wp-content\/uploads\/2020\/12\/EN_Datasheet_JAM72S20_MR-1.pdf\">EN_Datasheet_JAM72S20_MR\u00a0 Ja Solar<\/a><\/h5>\n<h5><a href=\"https:\/\/svetsolar.pt\/wp-content\/uploads\/2020\/12\/Longi-LR4-72HPH-425-455M.pdf\">Longi LR4-72HPH 425-455M<\/a><\/h5>\n<h5><a href=\"https:\/\/svetsolar.pt\/wp-content\/uploads\/2020\/12\/EN_Datasheet_SUN2000_X.X_KTL-L1.pdf\">EN_Datasheet_SUN2000_X.X_KTL-L1 Huawei<\/a><\/h5>\n<h2>CONTACTE NOS<\/h2>\n<div class=\"wpforms-container wpforms-container-full\" id=\"wpforms-253\"><form id=\"wpforms-form-253\" class=\"wpforms-validate wpforms-form wpforms-ajax-form\" data-formid=\"253\" method=\"post\" enctype=\"multipart\/form-data\" action=\"\/en\/wp-json\/wp\/v2\/pages\/604\" data-token=\"485e46e559af33fbe0dbab429e7cb5ee\" data-token-time=\"1777504889\"><noscript class=\"wpforms-error-noscript\">Please enable JavaScript in your browser to complete this form.<\/noscript><div class=\"wpforms-field-container\"><div id=\"wpforms-253-field_0-container\" class=\"wpforms-field wpforms-field-name\" data-field-id=\"0\"><label class=\"wpforms-field-label\" for=\"wpforms-253-field_0\">Nome completo <span class=\"wpforms-required-label\">*<\/span><\/label><input type=\"text\" id=\"wpforms-253-field_0\" class=\"wpforms-field-large wpforms-field-required\" name=\"wpforms[fields][0]\" required><\/div><div id=\"wpforms-253-field_15-container\" class=\"wpforms-field wpforms-field-email\" data-field-id=\"15\"><label class=\"wpforms-field-label\" for=\"wpforms-253-field_15\">Email <span class=\"wpforms-required-label\">*<\/span><\/label><input type=\"email\" id=\"wpforms-253-field_15\" class=\"wpforms-field-large wpforms-field-required\" name=\"wpforms[fields][15]\" spellcheck=\"false\" required><\/div><div id=\"wpforms-253-field_14-container\" class=\"wpforms-field wpforms-field-number\" data-field-id=\"14\"><label class=\"wpforms-field-label\" for=\"wpforms-253-field_14\">N\u00famero de telefone <span class=\"wpforms-required-label\">*<\/span><\/label><input type=\"number\" id=\"wpforms-253-field_14\" class=\"wpforms-field-large wpforms-field-required\" name=\"wpforms[fields][14]\" step=\"any\" required><\/div><div id=\"wpforms-253-field_21-container\" class=\"wpforms-field wpforms-field-radio\" data-field-id=\"21\"><label class=\"wpforms-field-label\">Tipo de rede<\/label><ul id=\"wpforms-253-field_21\"><li class=\"choice-1 depth-1\"><input type=\"radio\" id=\"wpforms-253-field_21_1\" name=\"wpforms[fields][21]\" value=\"Monof\u00e1sica\"  ><label class=\"wpforms-field-label-inline\" for=\"wpforms-253-field_21_1\">Monof\u00e1sica<\/label><\/li><li class=\"choice-2 depth-1\"><input type=\"radio\" id=\"wpforms-253-field_21_2\" name=\"wpforms[fields][21]\" value=\"Trif\u00e1sica\"  ><label class=\"wpforms-field-label-inline\" for=\"wpforms-253-field_21_2\">Trif\u00e1sica<\/label><\/li><\/ul><\/div><div id=\"wpforms-253-field_22-container\" class=\"wpforms-field wpforms-field-radio\" data-field-id=\"22\"><label class=\"wpforms-field-label\">Tipo de kit<\/label><ul id=\"wpforms-253-field_22\"><li class=\"choice-3 depth-1\"><input type=\"radio\" id=\"wpforms-253-field_22_3\" name=\"wpforms[fields][22]\" value=\"Solar grid\"  ><label class=\"wpforms-field-label-inline\" for=\"wpforms-253-field_22_3\">Solar grid<\/label><\/li><li class=\"choice-1 depth-1\"><input type=\"radio\" id=\"wpforms-253-field_22_1\" name=\"wpforms[fields][22]\" value=\"Produ\u00e7\u00e3o di\u00e1ria\"  ><label class=\"wpforms-field-label-inline\" for=\"wpforms-253-field_22_1\">Produ\u00e7\u00e3o di\u00e1ria<\/label><\/li><li class=\"choice-2 depth-1\"><input type=\"radio\" id=\"wpforms-253-field_22_2\" name=\"wpforms[fields][22]\" value=\"Energia 24\/7\"  ><label class=\"wpforms-field-label-inline\" for=\"wpforms-253-field_22_2\">Energia 24\/7<\/label><\/li><\/ul><\/div><div id=\"wpforms-253-field_2-container\" class=\"wpforms-field wpforms-field-textarea\" data-field-id=\"2\"><label class=\"wpforms-field-label\" for=\"wpforms-253-field_2\">Mensagem<\/label><textarea id=\"wpforms-253-field_2\" class=\"wpforms-field-medium\" name=\"wpforms[fields][2]\" ><\/textarea><\/div><\/div><!-- .wpforms-field-container --><div class=\"wpforms-field wpforms-field-hp\"><label for=\"wpforms-253-field-hp\" class=\"wpforms-field-label\">Website<\/label><input type=\"text\" name=\"wpforms[hp]\" id=\"wpforms-253-field-hp\" class=\"wpforms-field-medium\"><\/div><div class=\"wpforms-submit-container\" ><input type=\"hidden\" name=\"wpforms[id]\" value=\"253\"><input type=\"hidden\" name=\"page_title\" value=\"\"><input type=\"hidden\" name=\"page_url\" value=\"https:\/\/svetsolar.pt\/en\/wp-json\/wp\/v2\/pages\/604\"><input type=\"hidden\" name=\"url_referer\" value=\"\"><button type=\"submit\" name=\"wpforms[submit]\" id=\"wpforms-submit-253\" class=\"wpforms-submit\" data-alt-text=\"Enviar mensagem...\" data-submit-text=\"Enviar mensagem\" aria-live=\"assertive\" value=\"wpforms-submit\">Enviar mensagem<\/button><img decoding=\"async\" src=\"https:\/\/svetsolar.pt\/wp-content\/plugins\/wpforms-lite\/assets\/images\/submit-spin.svg\" class=\"wpforms-submit-spinner\" style=\"display: none;\" width=\"26\" height=\"26\" alt=\"Loading\"><\/div><\/form><\/div>  <!-- .wpforms-container -->\n","protected":false},"excerpt":{"rendered":"<p>documenta\u00e7\u00e3o CERTIFICA\u00c7\u00d5ES E ESPECIFICA\u00c7\u00d5ES T\u00c9CNICAS\u200b CONTACTE NOS Certificados EN_Datasheet_JAM60S10_MR Ja Solar\u00a0 EN_Datasheet_JAM60S20-MR Ja Solar EN_Datasheet_Alpha REC EN_Datasheet_Neon2_N1C-V5 LG EN_Datasheet_JAM72S20_MR\u00a0 Ja Solar Longi LR4-72HPH 425-455M EN_Datasheet_SUN2000_X.X_KTL-L1 Huawei CONTACTE NOS<\/p>","protected":false},"author":1,"featured_media":0,"parent":0,"menu_order":0,"comment_status":"closed","ping_status":"closed","template":"elementor_header_footer","meta":{"_monsterinsights_skip_tracking":false,"_monsterinsights_sitenote_active":false,"_monsterinsights_sitenote_note":"","_monsterinsights_sitenote_category":0,"footnotes":""},"class_list":["post-604","page","type-page","status-publish","hentry"],"_links":{"self":[{"href":"https:\/\/svetsolar.pt\/en\/wp-json\/wp\/v2\/pages\/604","targetHints":{"allow":["GET"]}}],"collection":[{"href":"https:\/\/svetsolar.pt\/en\/wp-json\/wp\/v2\/pages"}],"about":[{"href":"https:\/\/svetsolar.pt\/en\/wp-json\/wp\/v2\/types\/page"}],"author":[{"embeddable":true,"href":"https:\/\/svetsolar.pt\/en\/wp-json\/wp\/v2\/users\/1"}],"replies":[{"embeddable":true,"href":"https:\/\/svetsolar.pt\/en\/wp-json\/wp\/v2\/comments?post=604"}],"version-history":[{"count":1,"href":"https:\/\/svetsolar.pt\/en\/wp-json\/wp\/v2\/pages\/604\/revisions"}],"predecessor-version":[{"id":12634,"href":"https:\/\/svetsolar.pt\/en\/wp-json\/wp\/v2\/pages\/604\/revisions\/12634"}],"wp:attachment":[{"href":"https:\/\/svetsolar.pt\/en\/wp-json\/wp\/v2\/media?parent=604"}],"curies":[{"name":"wp","href":"https:\/\/api.w.org\/{rel}","templated":true}]}}