{"id":13928,"date":"2025-11-17T18:00:27","date_gmt":"2025-11-17T17:00:27","guid":{"rendered":"https:\/\/svetsolar.pt\/?page_id=13928"},"modified":"2025-11-17T18:01:09","modified_gmt":"2025-11-17T17:01:09","slug":"obrigado","status":"publish","type":"page","link":"https:\/\/svetsolar.pt\/en\/obrigado\/","title":{"rendered":"Thanks page"},"content":{"rendered":"<section  class='av_textblock_section av-lsdn3hrf-ea083e9d9e0e964388f6fe280d9b930e'   itemscope=\"itemscope\" itemtype=\"https:\/\/schema.org\/CreativeWork\" ><div class='avia_textblock'  itemprop=\"text\" ><h1><span style=\"font-size: 28px;\"><span style=\"color: #20315b;\">Obrigado pelo seu contacto<\/span><\/span><\/h1>\n<\/div><\/section>\n<section  class='av_textblock_section av-mi3e32hv-8ec64642279f7bdd497049a71188cb8e'   itemscope=\"itemscope\" itemtype=\"https:\/\/schema.org\/CreativeWork\" ><div class='avia_textblock'  itemprop=\"text\" ><p><span style=\"font-size: 18px;\"><span style=\"color: #20315b; font-family: inter, arial, sans-serif;\">Recebemos o seu pedido e a nossa equipa vai analis\u00e1-lo com prioridade. Entraremos em contacto consigo em breve para apresentar a melhor solu\u00e7\u00e3o para a sua casa. <\/span><\/span><\/p>\n<p><span style=\"font-size: 18px;\"><span style=\"color: #20315b; font-family: inter, arial, sans-serif;\">Se precisar de ajuda imediata, pode falar connosco atrav\u00e9s do WhatsApp ou telefone. <\/span><\/span><\/p>\n<p><strong><span style=\"font-size: 18px;\"><span style=\"color: #20315b; font-family: inter, arial, sans-serif;\">A sua energia, mais eficiente e independente.<\/span><\/span><\/strong><\/p>\n<\/div><\/section>\n<\/div><\/div><\/div><!-- close content main div --><\/div><\/div><div id='av_section_1'  class='avia-section av-2p274ud-ef52d70d0c6edaa13e5a08aff676b26c main_color avia-section-default avia-no-border-styling  avia-builder-el-2  el_after_av_textblock  avia-builder-el-last  avia-bg-style-scroll container_wrap sidebar_right'  ><div class='container av-section-cont-open' ><div class='template-page content  av-content-small alpha units'><div class='post-entry post-entry-type-page post-entry-13928'><div class='entry-content-wrapper clearfix'>\n<section  class='av_textblock_section av-287dxk-002f488d3a57ca20e23a7d801d64d27c'   itemscope=\"itemscope\" itemtype=\"https:\/\/schema.org\/CreativeWork\" ><div class='avia_textblock'  itemprop=\"text\" ><h2><span style=\"font-size: 28px;\"><span style=\"color: #20315b;\">Frequently Asked Questions<\/span> <span style=\"color: #e88a10;\">(FAQ)<\/span><\/span><\/h2>\n<\/div><\/section>\n\n<style type=\"text\/css\" data-created_by=\"avia_inline_auto\" id=\"style-css-av-lsdnpvuq-cdd75d10c20f55a3ecabe2ec12f0a51d\">\n@keyframes av_boxShadowEffect_av-lsdnpvuq-cdd75d10c20f55a3ecabe2ec12f0a51d-column {\n0%   { box-shadow:  0 0 0 0 #bbbbbb; opacity: 1; }\n100% { box-shadow:  0 0 6px 0 #bbbbbb; opacity: 1; }\n}\n.flex_column.av-lsdnpvuq-cdd75d10c20f55a3ecabe2ec12f0a51d{\nwidth:100%;\nbox-shadow: 0 0 6px 0 #bbbbbb;\nborder-radius:30px 30px 30px 30px;\npadding:50px 50px 50px 50px;\n}\n\n@media only screen and (min-width: 990px){ \n.flex_column.av-lsdnpvuq-cdd75d10c20f55a3ecabe2ec12f0a51d{\npadding:50px 50px 50px 50px;\n}\n}\n\n@media only screen and (min-width: 768px) and (max-width: 989px){ \n.flex_column.av-lsdnpvuq-cdd75d10c20f55a3ecabe2ec12f0a51d{\npadding:50px 50px 50px 50px;\n}\n}\n\n@media only screen and (min-width: 480px) and (max-width: 767px){ \n.flex_column.av-lsdnpvuq-cdd75d10c20f55a3ecabe2ec12f0a51d{\npadding:0 0 0 0;\n}\n}\n\n@media only screen and (max-width: 479px){ \n.flex_column.av-lsdnpvuq-cdd75d10c20f55a3ecabe2ec12f0a51d{\npadding:0 0 0 0;\n}\n}\n<\/style>\n<div  class='flex_column av-lsdnpvuq-cdd75d10c20f55a3ecabe2ec12f0a51d av_one_full  avia-builder-el-4  el_after_av_textblock  avia-builder-el-last  first flex_column_div shadow-not-animated  column-top-margin'     ><style type=\"text\/css\" data-created_by=\"avia_inline_auto\" id=\"style-css-av-4868151-222afb6ba845e23edddf589a665084e9\">\n#top .togglecontainer.av-4868151-222afb6ba845e23edddf589a665084e9 p.toggler{\nfont-size:18px;\n}\n#top .togglecontainer.av-4868151-222afb6ba845e23edddf589a665084e9 .toggle_wrap .toggle_content{\nfont-size:18px;\n}\n<\/style>\n<div  class='togglecontainer av-4868151-222afb6ba845e23edddf589a665084e9 av-minimal-toggle  avia-builder-el-5  avia-builder-el-no-sibling'  itemscope=\"itemscope\" itemtype=\"https:\/\/schema.org\/FAQPage\" >\n<section class='av_toggle_section av-e8kbb9-04f41a316d04a7d56af5abed98730809'  itemscope=\"itemscope\" itemprop=\"mainEntity\" itemtype=\"https:\/\/schema.org\/Question\" ><div role=\"tablist\" class=\"single_toggle\" data-tags=\"{All} \"  ><p data-fake-id='#toggle-id-1' class='toggler'  itemprop=\"name\"  role='tab' tabindex='0' aria-controls='toggle-id-1'> How do solar panels work?<span class=\"toggle_icon\"><span class=\"vert_icon\"><\/span><span class=\"hor_icon\"><\/span><\/span><\/p><div id='toggle-id-1' class='toggle_wrap'   itemscope=\"itemscope\" itemprop=\"acceptedAnswer\" itemtype=\"https:\/\/schema.org\/Answer\" ><div class='toggle_content invers-color'  itemprop=\"text\" ><p>Solar panels are made up of photovoltaic cells that convert solar energy into electricity. This process is possible thanks to the photovoltaic effect of the cells, which are doped silicon structures, creating an electric current when exposed to solar photons. The panels convert solar energy into direct current (DC), which is then transformed into alternating current (AC) by an inverter, making it usable in domestic and business applications.<\/p>\n<\/div><\/div><\/div><\/section>\n<section class='av_toggle_section av-39lrshx-70af28ad372be84fd234999f57a38dc0'  itemscope=\"itemscope\" itemprop=\"mainEntity\" itemtype=\"https:\/\/schema.org\/Question\" ><div role=\"tablist\" class=\"single_toggle\" data-tags=\"{All} \"  ><p data-fake-id='#toggle-id-2' class='toggler'  itemprop=\"name\"  role='tab' tabindex='0' aria-controls='toggle-id-2'>What are the advantages of solar power generation?<span class=\"toggle_icon\"><span class=\"vert_icon\"><\/span><span class=\"hor_icon\"><\/span><\/span><\/p><div id='toggle-id-2' class='toggle_wrap'   itemscope=\"itemscope\" itemprop=\"acceptedAnswer\" itemtype=\"https:\/\/schema.org\/Answer\" ><div class='toggle_content invers-color'  itemprop=\"text\" ><p>In addition to significantly reducing electricity costs, solar energy is a clean and renewable source, contributing to reducing grid energy consumption and, consequently, its carbon footprint.<\/p>\n<\/div><\/div><\/div><\/section>\n<section class='av_toggle_section av-30hpy6d-eed7e25237814bc088dbd82e00623947'  itemscope=\"itemscope\" itemprop=\"mainEntity\" itemtype=\"https:\/\/schema.org\/Question\" ><div role=\"tablist\" class=\"single_toggle\" data-tags=\"{All} \"  ><p data-fake-id='#toggle-id-3' class='toggler'  itemprop=\"name\"  role='tab' tabindex='0' aria-controls='toggle-id-3'>What is the benefit and return on investment in solar panels?<span class=\"toggle_icon\"><span class=\"vert_icon\"><\/span><span class=\"hor_icon\"><\/span><\/span><\/p><div id='toggle-id-3' class='toggle_wrap'   itemscope=\"itemscope\" itemprop=\"acceptedAnswer\" itemtype=\"https:\/\/schema.org\/Answer\" ><div class='toggle_content invers-color'  itemprop=\"text\" ><p>Installing solar panels can significantly reduce your electricity bill, with savings of up to 90%. The return on investment varies, but is typically between 3 and 10 years, considering the long lifespan of the panels, which is over 25 years.<\/p>\n<\/div><\/div><\/div><\/section>\n<section class='av_toggle_section av-2k25nid-146ff45ffb0ecc713a9db4769ba2168f'  itemscope=\"itemscope\" itemprop=\"mainEntity\" itemtype=\"https:\/\/schema.org\/Question\" ><div role=\"tablist\" class=\"single_toggle\" data-tags=\"{All} \"  ><p data-fake-id='#toggle-id-4' class='toggler'  itemprop=\"name\"  role='tab' tabindex='0' aria-controls='toggle-id-4'>How many solar panels do I need for my home or business?<span class=\"toggle_icon\"><span class=\"vert_icon\"><\/span><span class=\"hor_icon\"><\/span><\/span><\/p><div id='toggle-id-4' class='toggle_wrap'   itemscope=\"itemscope\" itemprop=\"acceptedAnswer\" itemtype=\"https:\/\/schema.org\/Answer\" ><div class='toggle_content invers-color'  itemprop=\"text\" ><p>The number of solar panels needed depends on several factors, such as available space, electricity consumption, orientation of the panels, incidence of shadows, and the type of inverter.<\/p>\n<\/div><\/div><\/div><\/section>\n<section class='av_toggle_section av-1w1990l-b78b98ebb99fad87096aea8a09e36b3c'  itemscope=\"itemscope\" itemprop=\"mainEntity\" itemtype=\"https:\/\/schema.org\/Question\" ><div role=\"tablist\" class=\"single_toggle\" data-tags=\"{All} \"  ><p data-fake-id='#toggle-id-5' class='toggler'  itemprop=\"name\"  role='tab' tabindex='0' aria-controls='toggle-id-5'>Why is it important to install a battery along with solar panels?<span class=\"toggle_icon\"><span class=\"vert_icon\"><\/span><span class=\"hor_icon\"><\/span><\/span><\/p><div id='toggle-id-5' class='toggle_wrap'   itemscope=\"itemscope\" itemprop=\"acceptedAnswer\" itemtype=\"https:\/\/schema.org\/Answer\" ><div class='toggle_content invers-color'  itemprop=\"text\" ><p>The main advantage of installing a battery in photovoltaic systems is the ability to store excess solar energy generated during the day, for use in periods without sunlight, such as at night or on cloudy days. This increases the efficiency and independence of your solar system, ensuring that you maximize the use of the energy produced by your panels and further reduce your dependence on the electricity grid.<\/p>\n<\/div><\/div><\/div><\/section>\n<section class='av_toggle_section av-1mnx1np-d8f67b28259df1b12fa6f925939666d7'  itemscope=\"itemscope\" itemprop=\"mainEntity\" itemtype=\"https:\/\/schema.org\/Question\" ><div role=\"tablist\" class=\"single_toggle\" data-tags=\"{All} \"  ><p data-fake-id='#toggle-id-6' class='toggler'  itemprop=\"name\"  role='tab' tabindex='0' aria-controls='toggle-id-6'>Is it possible to sell the excess energy produced by my solar panels to the grid?<span class=\"toggle_icon\"><span class=\"vert_icon\"><\/span><span class=\"hor_icon\"><\/span><\/span><\/p><div id='toggle-id-6' class='toggle_wrap'   itemscope=\"itemscope\" itemprop=\"acceptedAnswer\" itemtype=\"https:\/\/schema.org\/Answer\" ><div class='toggle_content invers-color'  itemprop=\"text\" ><p>Yes, it is possible and economically advantageous to sell the surplus solar energy generated by your photovoltaic system to the electricity grid. This not only contributes to greater savings on energy bills, but also supports energy sustainability by injecting clean energy into the grid.<\/p>\n<\/div><\/div><\/div><\/section>\n<section class='av_toggle_section av-1730kn9-78443fa4a6723bfe839a927bd8dbadc5'  itemscope=\"itemscope\" itemprop=\"mainEntity\" itemtype=\"https:\/\/schema.org\/Question\" ><div role=\"tablist\" class=\"single_toggle\" data-tags=\"{All} \"  ><p data-fake-id='#toggle-id-7' class='toggler'  itemprop=\"name\"  role='tab' tabindex='0' aria-controls='toggle-id-7'> How are solar panels maintained?<span class=\"toggle_icon\"><span class=\"vert_icon\"><\/span><span class=\"hor_icon\"><\/span><\/span><\/p><div id='toggle-id-7' class='toggle_wrap'   itemscope=\"itemscope\" itemprop=\"acceptedAnswer\" itemtype=\"https:\/\/schema.org\/Answer\" ><div class='toggle_content invers-color'  itemprop=\"text\" ><p>Maintenance is minimal, usually involving occasional cleaning with water and a brush to keep the panels at peak efficiency.<\/p>\n<\/div><\/div><\/div><\/section>\n<section class='av_toggle_section av-uwre91-a6c9ce8fda841d3a8d2bf197c51575fe'  itemscope=\"itemscope\" itemprop=\"mainEntity\" itemtype=\"https:\/\/schema.org\/Question\" ><div role=\"tablist\" class=\"single_toggle\" data-tags=\"{All} \"  ><p data-fake-id='#toggle-id-8' class='toggler'  itemprop=\"name\"  role='tab' tabindex='0' aria-controls='toggle-id-8'> Do solar panels work in any weather conditions?<span class=\"toggle_icon\"><span class=\"vert_icon\"><\/span><span class=\"hor_icon\"><\/span><\/span><\/p><div id='toggle-id-8' class='toggle_wrap'   itemscope=\"itemscope\" itemprop=\"acceptedAnswer\" itemtype=\"https:\/\/schema.org\/Answer\" ><div class='toggle_content invers-color'  itemprop=\"text\" ><p>Yes, solar panels do not require direct sunlight to function efficiently. They are capable of generating energy even on cloudy days, making Portugal an ideal location due to its high annual solar incidence.<\/p>\n<\/div><\/div><\/div><\/section>\n<\/div><\/div>\n<\/div><\/div><\/div><!-- close content main div --><\/div><\/div><div id='after_section_1'  class='main_color av_default_container_wrap container_wrap sidebar_right'  ><div class='container av-section-cont-open' ><div class='template-page content  av-content-small alpha units'><div class='post-entry post-entry-type-page post-entry-13928'><div class='entry-content-wrapper clearfix'>","protected":false},"excerpt":{"rendered":"","protected":false},"author":1,"featured_media":0,"parent":0,"menu_order":0,"comment_status":"closed","ping_status":"closed","template":"","meta":{"_monsterinsights_skip_tracking":false,"_monsterinsights_sitenote_active":false,"_monsterinsights_sitenote_note":"","_monsterinsights_sitenote_category":0,"footnotes":""},"class_list":["post-13928","page","type-page","status-publish","hentry"],"_links":{"self":[{"href":"https:\/\/svetsolar.pt\/en\/wp-json\/wp\/v2\/pages\/13928","targetHints":{"allow":["GET"]}}],"collection":[{"href":"https:\/\/svetsolar.pt\/en\/wp-json\/wp\/v2\/pages"}],"about":[{"href":"https:\/\/svetsolar.pt\/en\/wp-json\/wp\/v2\/types\/page"}],"author":[{"embeddable":true,"href":"https:\/\/svetsolar.pt\/en\/wp-json\/wp\/v2\/users\/1"}],"replies":[{"embeddable":true,"href":"https:\/\/svetsolar.pt\/en\/wp-json\/wp\/v2\/comments?post=13928"}],"version-history":[{"count":5,"href":"https:\/\/svetsolar.pt\/en\/wp-json\/wp\/v2\/pages\/13928\/revisions"}],"predecessor-version":[{"id":13937,"href":"https:\/\/svetsolar.pt\/en\/wp-json\/wp\/v2\/pages\/13928\/revisions\/13937"}],"wp:attachment":[{"href":"https:\/\/svetsolar.pt\/en\/wp-json\/wp\/v2\/media?parent=13928"}],"curies":[{"name":"wp","href":"https:\/\/api.w.org\/{rel}","templated":true}]}}